{"id":9334534,"date":"2025-02-19T14:07:07","date_gmt":"2025-02-19T12:07:07","guid":{"rendered":"https:\/\/sevillabymandy.com\/sobre-sevilla\/"},"modified":"2025-07-11T14:23:41","modified_gmt":"2025-07-11T12:23:41","slug":"sobre-sevilla","status":"publish","type":"page","link":"https:\/\/sevillabymandy.com\/es\/sobre-sevilla\/","title":{"rendered":"Sobre Sevilla"},"content":{"rendered":"\t\t<div data-elementor-type=\"wp-page\" data-elementor-id=\"9334534\" class=\"elementor elementor-9334534 elementor-9331056\" data-elementor-post-type=\"page\">\n\t\t\t\t<div class=\"elementor-element elementor-element-0a06f49 e-flex e-con-boxed e-con e-parent\" data-id=\"0a06f49\" data-element_type=\"container\" data-e-type=\"container\" data-settings=\"{&quot;background_background&quot;:&quot;classic&quot;}\">\n\t\t\t\t\t<div class=\"e-con-inner\">\n\t\t<div class=\"elementor-element elementor-element-0b33caf e-con-full e-flex e-con e-child\" data-id=\"0b33caf\" data-element_type=\"container\" data-e-type=\"container\" data-settings=\"{&quot;background_background&quot;:&quot;classic&quot;}\">\n\t\t\t\t<div class=\"elementor-element elementor-element-5221b2a elementor-widget elementor-widget-heading\" data-id=\"5221b2a\" data-element_type=\"widget\" data-e-type=\"widget\" data-widget_type=\"heading.default\">\n\t\t\t\t<div class=\"elementor-widget-container\">\n\t\t\t\t\t<h1 class=\"elementor-heading-title elementor-size-default\">Sobre Sevilla<\/h1>\t\t\t\t<\/div>\n\t\t\t\t<\/div>\n\t\t\t\t<div class=\"elementor-element elementor-element-83d4dfb elementor-widget elementor-widget-shortcode\" data-id=\"83d4dfb\" data-element_type=\"widget\" data-e-type=\"widget\" data-widget_type=\"shortcode.default\">\n\t\t\t\t<div class=\"elementor-widget-container\">\n\t\t\t\t\t\t\t<div class=\"elementor-shortcode\"><nav aria-label=\"breadcrumbs\" class=\"rank-math-breadcrumb\"><p><span class=\"last\">Home<\/span><\/p><\/nav><\/div>\n\t\t\t\t\t\t<\/div>\n\t\t\t\t<\/div>\n\t\t\t\t<\/div>\n\t\t<div class=\"elementor-element elementor-element-64b1eb6 e-con-full elementor-hidden-mobile e-flex e-con e-child\" data-id=\"64b1eb6\" data-element_type=\"container\" data-e-type=\"container\">\n\t\t\t\t<\/div>\n\t\t\t\t\t<\/div>\n\t\t\t\t<\/div>\n\t\t<div class=\"elementor-element elementor-element-df27921 e-flex e-con-boxed e-con e-parent\" data-id=\"df27921\" data-element_type=\"container\" data-e-type=\"container\" data-settings=\"{&quot;background_background&quot;:&quot;gradient&quot;}\">\n\t\t\t\t\t<div class=\"e-con-inner\">\n\t\t<div class=\"elementor-element elementor-element-421835f e-con-full e-flex e-con e-child\" data-id=\"421835f\" data-element_type=\"container\" data-e-type=\"container\">\n\t\t\t\t<div class=\"elementor-element elementor-element-dd7ab88 elementor-widget elementor-widget-heading\" data-id=\"dd7ab88\" data-element_type=\"widget\" data-e-type=\"widget\" data-widget_type=\"heading.default\">\n\t\t\t\t<div class=\"elementor-widget-container\">\n\t\t\t\t\t<h2 class=\"elementor-heading-title elementor-size-default\">Sevilla, mucho por descubrir<\/h2>\t\t\t\t<\/div>\n\t\t\t\t<\/div>\n\t\t\t\t<div class=\"elementor-element elementor-element-2ffa2f6 elementor-widget elementor-widget-text-editor\" data-id=\"2ffa2f6\" data-element_type=\"widget\" data-e-type=\"widget\" data-widget_type=\"text-editor.default\">\n\t\t\t\t<div class=\"elementor-widget-container\">\n\t\t\t\t\t\t\t\t\t<p>Sevilla es la vibrante capital de Andaluc\u00eda y un destino ideal durante todo el a\u00f1o si le gusta el sol, las tapas sabrosas, los monumentos extraordinarios y el flamenco. Es una ciudad apegada a las tradiciones pero donde tambi\u00e9n puede divertirse si le gusta la modernidad. Cada estaci\u00f3n del a\u00f1o tiene su encanto. Aqu\u00ed los inviernos suelen ser primaverales, tenemos veranos calurosos pero primaveras y oto\u00f1os templados. Para explorar Sevilla sin prisas, recomiendo quedarse al menos 4 d\u00edas.     <\/p>\t\t\t\t\t\t\t\t<\/div>\n\t\t\t\t<\/div>\n\t\t\t\t<\/div>\n\t\t<div class=\"elementor-element elementor-element-2c387db e-con-full e-flex e-con e-child\" data-id=\"2c387db\" data-element_type=\"container\" data-e-type=\"container\">\n\t\t\t\t<div class=\"elementor-element elementor-element-cc366f9 elementor-widget elementor-widget-image\" data-id=\"cc366f9\" data-element_type=\"widget\" data-e-type=\"widget\" data-widget_type=\"image.default\">\n\t\t\t\t<div class=\"elementor-widget-container\">\n\t\t\t\t\t\t\t\t\t\t\t\t\t\t\t<img fetchpriority=\"high\" decoding=\"async\" width=\"1705\" height=\"2560\" src=\"https:\/\/sevillabymandy.com\/wp-content\/uploads\/2025\/02\/Website-2025-Giralda-scaled.jpg\" class=\"attachment-full size-full wp-image-147\" alt=\"\" srcset=\"https:\/\/sevillabymandy.com\/wp-content\/uploads\/2025\/02\/Website-2025-Giralda-scaled.jpg 1705w, https:\/\/sevillabymandy.com\/wp-content\/uploads\/2025\/02\/Website-2025-Giralda-scaled-600x901.jpg 600w, https:\/\/sevillabymandy.com\/wp-content\/uploads\/2025\/02\/Website-2025-Giralda-200x300.jpg 200w, https:\/\/sevillabymandy.com\/wp-content\/uploads\/2025\/02\/Website-2025-Giralda-682x1024.jpg 682w, https:\/\/sevillabymandy.com\/wp-content\/uploads\/2025\/02\/Website-2025-Giralda-768x1153.jpg 768w, https:\/\/sevillabymandy.com\/wp-content\/uploads\/2025\/02\/Website-2025-Giralda-1023x1536.jpg 1023w, https:\/\/sevillabymandy.com\/wp-content\/uploads\/2025\/02\/Website-2025-Giralda-1364x2048.jpg 1364w\" sizes=\"(max-width: 1705px) 100vw, 1705px\" \/>\t\t\t\t\t\t\t\t\t\t\t\t\t\t\t<\/div>\n\t\t\t\t<\/div>\n\t\t\t\t<\/div>\n\t\t\t\t\t<\/div>\n\t\t\t\t<\/div>\n\t\t<div class=\"elementor-element elementor-element-97f243a e-flex e-con-boxed e-con e-parent\" data-id=\"97f243a\" data-element_type=\"container\" data-e-type=\"container\" data-settings=\"{&quot;background_background&quot;:&quot;classic&quot;}\">\n\t\t\t\t\t<div class=\"e-con-inner\">\n\t\t<div class=\"elementor-element elementor-element-05c2440 e-con-full e-flex e-con e-child\" data-id=\"05c2440\" data-element_type=\"container\" data-e-type=\"container\">\n\t\t\t\t<div class=\"elementor-element elementor-element-badc185 elementor-widget elementor-widget-image\" data-id=\"badc185\" data-element_type=\"widget\" data-e-type=\"widget\" data-widget_type=\"image.default\">\n\t\t\t\t<div class=\"elementor-widget-container\">\n\t\t\t\t\t\t\t\t\t\t\t\t\t\t\t<img decoding=\"async\" width=\"1707\" height=\"2560\" src=\"https:\/\/sevillabymandy.com\/wp-content\/uploads\/2025\/02\/Website-2025-Plaza-Espana-2-scaled.jpg\" class=\"attachment-full size-full wp-image-151\" alt=\"\" srcset=\"https:\/\/sevillabymandy.com\/wp-content\/uploads\/2025\/02\/Website-2025-Plaza-Espana-2-scaled.jpg 1707w, https:\/\/sevillabymandy.com\/wp-content\/uploads\/2025\/02\/Website-2025-Plaza-Espana-2-scaled-600x900.jpg 600w, https:\/\/sevillabymandy.com\/wp-content\/uploads\/2025\/02\/Website-2025-Plaza-Espana-2-200x300.jpg 200w, https:\/\/sevillabymandy.com\/wp-content\/uploads\/2025\/02\/Website-2025-Plaza-Espana-2-683x1024.jpg 683w, https:\/\/sevillabymandy.com\/wp-content\/uploads\/2025\/02\/Website-2025-Plaza-Espana-2-768x1152.jpg 768w, https:\/\/sevillabymandy.com\/wp-content\/uploads\/2025\/02\/Website-2025-Plaza-Espana-2-1024x1536.jpg 1024w, https:\/\/sevillabymandy.com\/wp-content\/uploads\/2025\/02\/Website-2025-Plaza-Espana-2-1365x2048.jpg 1365w\" sizes=\"(max-width: 1707px) 100vw, 1707px\" \/>\t\t\t\t\t\t\t\t\t\t\t\t\t\t\t<\/div>\n\t\t\t\t<\/div>\n\t\t\t\t<\/div>\n\t\t<div class=\"elementor-element elementor-element-dab886c e-con-full e-flex e-con e-child\" data-id=\"dab886c\" data-element_type=\"container\" data-e-type=\"container\">\n\t\t\t\t<div class=\"elementor-element elementor-element-4f00b6a elementor-widget elementor-widget-heading\" data-id=\"4f00b6a\" data-element_type=\"widget\" data-e-type=\"widget\" data-widget_type=\"heading.default\">\n\t\t\t\t<div class=\"elementor-widget-container\">\n\t\t\t\t\t<h2 class=\"elementor-heading-title elementor-size-default\">Turismo en Sevilla<\/h2>\t\t\t\t<\/div>\n\t\t\t\t<\/div>\n\t\t\t\t<div class=\"elementor-element elementor-element-f134e92 elementor-widget elementor-widget-text-editor\" data-id=\"f134e92\" data-element_type=\"widget\" data-e-type=\"widget\" data-widget_type=\"text-editor.default\">\n\t\t\t\t<div class=\"elementor-widget-container\">\n\t\t\t\t\t\t\t\t\t<div>Rica en historia y cultura, la ciudad ofrece numerosos lugares de inter\u00e9s. La Catedral de Sevilla, con su imponente arquitectura g\u00f3tica, es una visita obligada. Aqu\u00ed tambi\u00e9n se encuentra la Giralda, el famoso campanario que originalmente sirvi\u00f3 como minarete.  <\/div><div>Otro monumento popular es el Alc\u00e1zar, el Palacio Real con una rica historia donde se puede disfrutar de los hermosos jardines, entre otras cosas. Por \u00faltimo, no puede faltar una visita a la Plaza de Espa\u00f1a, uno de mis lugares favoritos de la ciudad. <\/div><div> <\/div><div>\u00bfLe gusta ir de compras? En la ciudad encontrar\u00e1 las grandes y conocidas tiendas de moda, pero tambi\u00e9n muchas peque\u00f1as boutiques. <\/div><div> <\/div><div>Con todos estos monumentos y actividades, Sevilla es un destino ideal para una escapada urbana o unas vacaciones. <\/div>\t\t\t\t\t\t\t\t<\/div>\n\t\t\t\t<\/div>\n\t\t\t\t<\/div>\n\t\t\t\t\t<\/div>\n\t\t\t\t<\/div>\n\t\t<div class=\"elementor-element elementor-element-0cf3dfa e-flex e-con-boxed e-con e-parent\" data-id=\"0cf3dfa\" data-element_type=\"container\" data-e-type=\"container\" data-settings=\"{&quot;background_background&quot;:&quot;classic&quot;}\">\n\t\t\t\t\t<div class=\"e-con-inner\">\n\t\t<div class=\"elementor-element elementor-element-2c0a4cb e-con-full e-flex e-con e-child\" data-id=\"2c0a4cb\" data-element_type=\"container\" data-e-type=\"container\">\n\t\t\t\t<div class=\"elementor-element elementor-element-ae3d65e elementor-widget elementor-widget-heading\" data-id=\"ae3d65e\" data-element_type=\"widget\" data-e-type=\"widget\" data-widget_type=\"heading.default\">\n\t\t\t\t<div class=\"elementor-widget-container\">\n\t\t\t\t\t<h2 class=\"elementor-heading-title elementor-size-default\">Sevilla por m\u00e1s tiempo<\/h2>\t\t\t\t<\/div>\n\t\t\t\t<\/div>\n\t\t\t\t<div class=\"elementor-element elementor-element-f0a49ce elementor-widget elementor-widget-text-editor\" data-id=\"f0a49ce\" data-element_type=\"widget\" data-e-type=\"widget\" data-widget_type=\"text-editor.default\">\n\t\t\t\t<div class=\"elementor-widget-container\">\n\t\t\t\t\t\t\t\t\t<p>\u00bfTe has enamorado de Sevilla como yo? O acabaste aqu\u00ed por otro motivo como tus estudios o trabajo? <\/p><p>S\u00e9 mejor que nadie lo dif\u00edcil que es organizar las cosas en otro idioma y otra cultura. Con mucho gusto te pondr\u00e9 en contacto con personas que puedan ayudarte m\u00e1s en neerland\u00e9s. <\/p>\t\t\t\t\t\t\t\t<\/div>\n\t\t\t\t<\/div>\n\t\t\t\t<div class=\"elementor-element elementor-element-097a7aa elementor-widget elementor-widget-button\" data-id=\"097a7aa\" data-element_type=\"widget\" data-e-type=\"widget\" data-widget_type=\"button.default\">\n\t\t\t\t<div class=\"elementor-widget-container\">\n\t\t\t\t\t\t\t\t\t<div class=\"elementor-button-wrapper\">\n\t\t\t\t\t<a class=\"elementor-button elementor-button-link elementor-size-sm\" href=\"https:\/\/sevillabymandy.com\/es\/pongase-en-contacto-con\/\">\n\t\t\t\t\t\t<span class=\"elementor-button-content-wrapper\">\n\t\t\t\t\t\t\t\t\t<span class=\"elementor-button-text\">P\u00f3ngase en contacto<\/span>\n\t\t\t\t\t<\/span>\n\t\t\t\t\t<\/a>\n\t\t\t\t<\/div>\n\t\t\t\t\t\t\t\t<\/div>\n\t\t\t\t<\/div>\n\t\t\t\t<\/div>\n\t\t<div class=\"elementor-element elementor-element-016f70d e-con-full e-flex e-con e-child\" data-id=\"016f70d\" data-element_type=\"container\" data-e-type=\"container\">\n\t\t\t\t<div class=\"elementor-element elementor-element-710590f elementor-widget elementor-widget-image\" data-id=\"710590f\" data-element_type=\"widget\" data-e-type=\"widget\" data-widget_type=\"image.default\">\n\t\t\t\t<div class=\"elementor-widget-container\">\n\t\t\t\t\t\t\t\t\t\t\t\t\t\t\t<img decoding=\"async\" width=\"2560\" height=\"1707\" src=\"https:\/\/sevillabymandy.com\/wp-content\/uploads\/2023\/12\/IMG_1497-scaled-1.jpg\" class=\"attachment-full size-full wp-image-2188\" alt=\"\" srcset=\"https:\/\/sevillabymandy.com\/wp-content\/uploads\/2023\/12\/IMG_1497-scaled-1.jpg 2560w, https:\/\/sevillabymandy.com\/wp-content\/uploads\/2023\/12\/IMG_1497-scaled-1-600x400.jpg 600w, https:\/\/sevillabymandy.com\/wp-content\/uploads\/2023\/12\/IMG_1497-scaled-1-300x200.jpg 300w, https:\/\/sevillabymandy.com\/wp-content\/uploads\/2023\/12\/IMG_1497-scaled-1-1024x683.jpg 1024w, https:\/\/sevillabymandy.com\/wp-content\/uploads\/2023\/12\/IMG_1497-scaled-1-768x512.jpg 768w, https:\/\/sevillabymandy.com\/wp-content\/uploads\/2023\/12\/IMG_1497-scaled-1-1536x1024.jpg 1536w, https:\/\/sevillabymandy.com\/wp-content\/uploads\/2023\/12\/IMG_1497-scaled-1-2048x1366.jpg 2048w\" sizes=\"(max-width: 2560px) 100vw, 2560px\" \/>\t\t\t\t\t\t\t\t\t\t\t\t\t\t\t<\/div>\n\t\t\t\t<\/div>\n\t\t\t\t<\/div>\n\t\t\t\t\t<\/div>\n\t\t\t\t<\/div>\n\t\t\t\t<\/div>\n\t\t","protected":false},"excerpt":{"rendered":"<p>Sevilla, mucho por descubrir Sevilla es la vibrante capital de Andaluc\u00eda y un destino ideal durante todo el a\u00f1o si le gusta el sol, las tapas sabrosas, los monumentos extraordinarios y el flamenco. Es una ciudad apegada a las tradiciones pero donde tambi\u00e9n puede divertirse si le gusta la modernidad. Cada estaci\u00f3n del a\u00f1o tiene [&hellip;]<\/p>\n","protected":false},"author":1,"featured_media":0,"parent":0,"menu_order":0,"comment_status":"closed","ping_status":"closed","template":"","meta":{"_acf_changed":false,"footnotes":""},"class_list":["post-9334534","page","type-page","status-publish","hentry"],"acf":[],"_links":{"self":[{"href":"https:\/\/sevillabymandy.com\/es\/wp-json\/wp\/v2\/pages\/9334534","targetHints":{"allow":["GET"]}}],"collection":[{"href":"https:\/\/sevillabymandy.com\/es\/wp-json\/wp\/v2\/pages"}],"about":[{"href":"https:\/\/sevillabymandy.com\/es\/wp-json\/wp\/v2\/types\/page"}],"author":[{"embeddable":true,"href":"https:\/\/sevillabymandy.com\/es\/wp-json\/wp\/v2\/users\/1"}],"replies":[{"embeddable":true,"href":"https:\/\/sevillabymandy.com\/es\/wp-json\/wp\/v2\/comments?post=9334534"}],"version-history":[{"count":3,"href":"https:\/\/sevillabymandy.com\/es\/wp-json\/wp\/v2\/pages\/9334534\/revisions"}],"predecessor-version":[{"id":9334537,"href":"https:\/\/sevillabymandy.com\/es\/wp-json\/wp\/v2\/pages\/9334534\/revisions\/9334537"}],"wp:attachment":[{"href":"https:\/\/sevillabymandy.com\/es\/wp-json\/wp\/v2\/media?parent=9334534"}],"curies":[{"name":"wp","href":"https:\/\/api.w.org\/{rel}","templated":true}]}}