{"id":9334532,"date":"2025-04-10T12:50:57","date_gmt":"2025-04-10T10:50:57","guid":{"rendered":"https:\/\/sevillabymandy.com\/anfitrion-personal-de-viajes-sevilla\/"},"modified":"2026-04-15T21:35:29","modified_gmt":"2026-04-15T19:35:29","slug":"anfitrion-personal-de-viajes-sevilla","status":"publish","type":"page","link":"https:\/\/sevillabymandy.com\/es\/anfitrion-personal-de-viajes-sevilla\/","title":{"rendered":"Anfitri\u00f3n personal de viajes Sevilla"},"content":{"rendered":"\t\t<div data-elementor-type=\"wp-page\" data-elementor-id=\"9334532\" class=\"elementor elementor-9334532 elementor-9331525\" data-elementor-post-type=\"page\">\n\t\t\t\t<div class=\"elementor-element elementor-element-3a2da1b e-flex e-con-boxed e-con e-parent\" data-id=\"3a2da1b\" data-element_type=\"container\" data-e-type=\"container\" data-settings=\"{&quot;background_background&quot;:&quot;classic&quot;}\">\n\t\t\t\t\t<div class=\"e-con-inner\">\n\t\t<div class=\"elementor-element elementor-element-9d56904 e-con-full e-flex e-con e-child\" data-id=\"9d56904\" data-element_type=\"container\" data-e-type=\"container\" data-settings=\"{&quot;background_background&quot;:&quot;classic&quot;}\">\n\t\t\t\t<div class=\"elementor-element elementor-element-d94f08f elementor-widget elementor-widget-heading\" data-id=\"d94f08f\" data-element_type=\"widget\" data-e-type=\"widget\" data-widget_type=\"heading.default\">\n\t\t\t\t<div class=\"elementor-widget-container\">\n\t\t\t\t\t<h1 class=\"elementor-heading-title elementor-size-default\">Anfitri\u00f3n personal de viajes Sevilla<\/h1>\t\t\t\t<\/div>\n\t\t\t\t<\/div>\n\t\t\t\t<div class=\"elementor-element elementor-element-2c283ad elementor-widget elementor-widget-shortcode\" data-id=\"2c283ad\" data-element_type=\"widget\" data-e-type=\"widget\" data-widget_type=\"shortcode.default\">\n\t\t\t\t<div class=\"elementor-widget-container\">\n\t\t\t\t\t\t\t<div class=\"elementor-shortcode\"><nav aria-label=\"breadcrumbs\" class=\"rank-math-breadcrumb\"><p><span class=\"last\">Home<\/span><\/p><\/nav><\/div>\n\t\t\t\t\t\t<\/div>\n\t\t\t\t<\/div>\n\t\t\t\t<\/div>\n\t\t<div class=\"elementor-element elementor-element-e787002 e-con-full elementor-hidden-mobile e-flex e-con e-child\" data-id=\"e787002\" data-element_type=\"container\" data-e-type=\"container\">\n\t\t\t\t<\/div>\n\t\t\t\t\t<\/div>\n\t\t\t\t<\/div>\n\t\t<div class=\"elementor-element elementor-element-327868d e-flex e-con-boxed e-con e-parent\" data-id=\"327868d\" data-element_type=\"container\" data-e-type=\"container\" data-settings=\"{&quot;background_background&quot;:&quot;gradient&quot;}\">\n\t\t\t\t\t<div class=\"e-con-inner\">\n\t\t<div class=\"elementor-element elementor-element-eaf6dd7 e-con-full e-flex e-con e-child\" data-id=\"eaf6dd7\" data-element_type=\"container\" data-e-type=\"container\">\n\t\t\t\t<div class=\"elementor-element elementor-element-b70582d elementor-widget elementor-widget-heading\" data-id=\"b70582d\" data-element_type=\"widget\" data-e-type=\"widget\" data-widget_type=\"heading.default\">\n\t\t\t\t<div class=\"elementor-widget-container\">\n\t\t\t\t\t<h2 class=\"elementor-heading-title elementor-size-default\">Anfitri\u00f3n personal de habla holandesa en Sevilla - Su gu\u00eda local y asistente <\/h2>\t\t\t\t<\/div>\n\t\t\t\t<\/div>\n\t\t\t\t<div class=\"elementor-element elementor-element-82558bb elementor-widget elementor-widget-text-editor\" data-id=\"82558bb\" data-element_type=\"widget\" data-e-type=\"widget\" data-widget_type=\"text-editor.default\">\n\t\t\t\t<div class=\"elementor-widget-container\">\n\t\t\t\t\t\t\t\t\t<p><span style=\"font-weight: 400;\">Organizar un evento en una ciudad extranjera puede ser todo un reto, especialmente si no hablas el idioma o no conoces las costumbres locales. Como Anfitriona Personal de Viajes con experiencia en Sevilla, ofrezco una serie de servicios para que su viaje urbano a Sevilla sea impecable e inolvidable:  <\/span><\/p><ul><li><span style=\"font-weight: 400;\">Traslados concertados: Proporciono opciones de transporte fiables y c\u00f3modas para que sus invitados lleguen a su destino sin preocupaciones. <\/span><\/li><li>Bienvenida personal en el aeropuerto: A su llegada, dar\u00e9 a sus invitados una c\u00e1lida bienvenida y les acompa\u00f1ar\u00e9 a su alojamiento. <\/li><li>Asistir en el registro de entrada al alojamiento: Ayudo a que el proceso de facturaci\u00f3n se desarrolle sin problemas. <\/li><li>Punto de contacto durante el evento: Durante toda la estancia, estoy disponible para preguntas y apoyo, asegur\u00e1ndome de que cualquier problema se resuelva r\u00e1pida y eficazmente.<\/li><li>Contacto con proveedores locales: Gracias a mi red local, organizo todos los servicios e instalaciones necesarios, adaptados a sus deseos y necesidades espec\u00edficos. Esto incluye la reserva de una excursi\u00f3n en bicicleta, reservas en restaurantes y entradas a lugares de inter\u00e9s. <\/li><li>Informaci\u00f3n de viaje personalizada: Puedo sugerirte experiencias \u00fanicas, como aut\u00e9nticos espect\u00e1culos de flamenco, y tambi\u00e9n estoy encantada de compartir rincones menos conocidos de Sevilla, para que tu viaje sea realmente especial. <\/li><\/ul><p><span style=\"font-weight: 400;\"><br>Un gran programa siempre se queda con los hu\u00e9spedes, sobre todo cuando todo se hace a la perfecci\u00f3n. Sin embargo, las barreras ling\u00fc\u00edsticas pueden dar lugar a malentendidos e inconvenientes. Con mi equipo de profesionales, le garantizo que su viaje urbano a Sevilla ser\u00e1 una experiencia inolvidable.  <\/span><\/p>\t\t\t\t\t\t\t\t<\/div>\n\t\t\t\t<\/div>\n\t\t\t\t<div class=\"elementor-element elementor-element-bb08c18 elementor-widget elementor-widget-button\" data-id=\"bb08c18\" data-element_type=\"widget\" data-e-type=\"widget\" data-widget_type=\"button.default\">\n\t\t\t\t<div class=\"elementor-widget-container\">\n\t\t\t\t\t\t\t\t\t<div class=\"elementor-button-wrapper\">\n\t\t\t\t\t<a class=\"elementor-button elementor-button-link elementor-size-sm\" href=\"https:\/\/sevillabymandy.com\/es\/pongase-en-contacto-con\/\">\n\t\t\t\t\t\t<span class=\"elementor-button-content-wrapper\">\n\t\t\t\t\t\t\t\t\t<span class=\"elementor-button-text\">P\u00f3ngase en contacto<\/span>\n\t\t\t\t\t<\/span>\n\t\t\t\t\t<\/a>\n\t\t\t\t<\/div>\n\t\t\t\t\t\t\t\t<\/div>\n\t\t\t\t<\/div>\n\t\t\t\t<\/div>\n\t\t<div class=\"elementor-element elementor-element-8456796 e-con-full e-flex e-con e-child\" data-id=\"8456796\" data-element_type=\"container\" data-e-type=\"container\">\n\t\t\t\t<div class=\"elementor-element elementor-element-fbad51f elementor-widget elementor-widget-image\" data-id=\"fbad51f\" data-element_type=\"widget\" data-e-type=\"widget\" data-widget_type=\"image.default\">\n\t\t\t\t<div class=\"elementor-widget-container\">\n\t\t\t\t\t\t\t\t\t\t\t\t\t\t\t<img fetchpriority=\"high\" decoding=\"async\" width=\"1500\" height=\"2000\" src=\"https:\/\/sevillabymandy.com\/wp-content\/uploads\/2026\/04\/Branding-Mandy_-39.jpg\" class=\"attachment-full size-full wp-image-9336554\" alt=\"Mandy Sevilla\" srcset=\"https:\/\/sevillabymandy.com\/wp-content\/uploads\/2026\/04\/Branding-Mandy_-39.jpg 1500w, https:\/\/sevillabymandy.com\/wp-content\/uploads\/2026\/04\/Branding-Mandy_-39-225x300.jpg 225w, https:\/\/sevillabymandy.com\/wp-content\/uploads\/2026\/04\/Branding-Mandy_-39-768x1024.jpg 768w, https:\/\/sevillabymandy.com\/wp-content\/uploads\/2026\/04\/Branding-Mandy_-39-1152x1536.jpg 1152w, https:\/\/sevillabymandy.com\/wp-content\/uploads\/2026\/04\/Branding-Mandy_-39-600x800.jpg 600w\" sizes=\"(max-width: 1500px) 100vw, 1500px\" \/>\t\t\t\t\t\t\t\t\t\t\t\t\t\t\t<\/div>\n\t\t\t\t<\/div>\n\t\t\t\t<\/div>\n\t\t\t\t\t<\/div>\n\t\t\t\t<\/div>\n\t\t<div class=\"elementor-element elementor-element-c54e93e e-flex e-con-boxed e-con e-parent\" data-id=\"c54e93e\" data-element_type=\"container\" data-e-type=\"container\" data-settings=\"{&quot;background_background&quot;:&quot;classic&quot;}\">\n\t\t\t\t\t<div class=\"e-con-inner\">\n\t\t<div class=\"elementor-element elementor-element-86ac031 e-con-full e-flex e-con e-child\" data-id=\"86ac031\" data-element_type=\"container\" data-e-type=\"container\">\n\t\t\t\t<div class=\"elementor-element elementor-element-73b3f66 elementor-widget elementor-widget-image\" data-id=\"73b3f66\" data-element_type=\"widget\" data-e-type=\"widget\" data-widget_type=\"image.default\">\n\t\t\t\t<div class=\"elementor-widget-container\">\n\t\t\t\t\t\t\t\t\t\t\t\t\t\t\t<img decoding=\"async\" width=\"1500\" height=\"2000\" src=\"https:\/\/sevillabymandy.com\/wp-content\/uploads\/2026\/04\/Branding-Mandy_-272.jpg\" class=\"attachment-full size-full wp-image-9336586\" alt=\"Lokale ondersteuning Sevilla\" srcset=\"https:\/\/sevillabymandy.com\/wp-content\/uploads\/2026\/04\/Branding-Mandy_-272.jpg 1500w, https:\/\/sevillabymandy.com\/wp-content\/uploads\/2026\/04\/Branding-Mandy_-272-225x300.jpg 225w, https:\/\/sevillabymandy.com\/wp-content\/uploads\/2026\/04\/Branding-Mandy_-272-768x1024.jpg 768w, https:\/\/sevillabymandy.com\/wp-content\/uploads\/2026\/04\/Branding-Mandy_-272-1152x1536.jpg 1152w, https:\/\/sevillabymandy.com\/wp-content\/uploads\/2026\/04\/Branding-Mandy_-272-600x800.jpg 600w\" sizes=\"(max-width: 1500px) 100vw, 1500px\" \/>\t\t\t\t\t\t\t\t\t\t\t\t\t\t\t<\/div>\n\t\t\t\t<\/div>\n\t\t\t\t<\/div>\n\t\t<div class=\"elementor-element elementor-element-cc79f87 e-con-full e-flex e-con e-child\" data-id=\"cc79f87\" data-element_type=\"container\" data-e-type=\"container\">\n\t\t\t\t<div class=\"elementor-element elementor-element-3ada6f0 elementor-widget elementor-widget-heading\" data-id=\"3ada6f0\" data-element_type=\"widget\" data-e-type=\"widget\" data-widget_type=\"heading.default\">\n\t\t\t\t<div class=\"elementor-widget-container\">\n\t\t\t\t\t<h2 class=\"elementor-heading-title elementor-size-default\">Asistencia profesional en Sevilla<\/h2>\t\t\t\t<\/div>\n\t\t\t\t<\/div>\n\t\t\t\t<div class=\"elementor-element elementor-element-494e217 elementor-widget elementor-widget-text-editor\" data-id=\"494e217\" data-element_type=\"widget\" data-e-type=\"widget\" data-widget_type=\"text-editor.default\">\n\t\t\t\t<div class=\"elementor-widget-container\">\n\t\t\t\t\t\t\t\t\t<p><span style=\"font-weight: 400;\">\u00bfSu empresa u organizaci\u00f3n ya ha organizado la mayor parte de su estancia en Sevilla, pero desea utilizar mis servicios para partes espec\u00edficas? Ofrezco servicios a medida como  <\/span><\/p><p><span style=\"font-weight: 400;\">&#8211; Traslados al aeropuerto: traslados supervisados desde y hacia el aeropuerto para garantizar un viaje sin contratiempos. <\/span><\/p><p><span style=\"font-weight: 400;\">&#8211; Asistencia en el check-in: Asistencia para el check-in en el alojamiento. <\/span><\/p><p><span style=\"font-weight: 400;\">&#8211; Orientaci\u00f3n para las actividades: Orientaci\u00f3n personal a las actividades programadas, para que puedas disfrutar del programa sin preocupaciones. <\/span><\/p><p><span style=\"font-weight: 400;\">Como su persona de contacto de habla holandesa , me asegurar\u00e9 de que todo funcione sin problemas y estoy dispuesta a responder a cualquier pregunta. No dude en ponerse en contacto conmigo para hablar de las posibilidades y descubrir c\u00f3mo puedo hacer que la estancia de sus invitados en Sevilla sea a\u00fan m\u00e1s agradable.  <\/span><\/p><p><span style=\"font-weight: 400;\">Precio a consultar. <\/span><\/p>\t\t\t\t\t\t\t\t<\/div>\n\t\t\t\t<\/div>\n\t\t\t\t<div class=\"elementor-element elementor-element-988ffcb elementor-widget elementor-widget-button\" data-id=\"988ffcb\" data-element_type=\"widget\" data-e-type=\"widget\" data-widget_type=\"button.default\">\n\t\t\t\t<div class=\"elementor-widget-container\">\n\t\t\t\t\t\t\t\t\t<div class=\"elementor-button-wrapper\">\n\t\t\t\t\t<a class=\"elementor-button elementor-button-link elementor-size-sm\" href=\"https:\/\/sevillabymandy.com\/es\/pongase-en-contacto-con\/\">\n\t\t\t\t\t\t<span class=\"elementor-button-content-wrapper\">\n\t\t\t\t\t\t\t\t\t<span class=\"elementor-button-text\">P\u00f3ngase en contacto<\/span>\n\t\t\t\t\t<\/span>\n\t\t\t\t\t<\/a>\n\t\t\t\t<\/div>\n\t\t\t\t\t\t\t\t<\/div>\n\t\t\t\t<\/div>\n\t\t\t\t<\/div>\n\t\t\t\t\t<\/div>\n\t\t\t\t<\/div>\n\t\t<div class=\"elementor-element elementor-element-1637532 e-flex e-con-boxed e-con e-parent\" data-id=\"1637532\" data-element_type=\"container\" data-e-type=\"container\" data-settings=\"{&quot;background_background&quot;:&quot;classic&quot;}\">\n\t\t\t\t\t<div class=\"e-con-inner\">\n\t\t<div class=\"elementor-element elementor-element-087893a e-con-full e-flex e-con e-child\" data-id=\"087893a\" data-element_type=\"container\" data-e-type=\"container\">\n\t\t\t\t<div class=\"elementor-element elementor-element-aa36a96 elementor-widget elementor-widget-heading\" data-id=\"aa36a96\" data-element_type=\"widget\" data-e-type=\"widget\" data-widget_type=\"heading.default\">\n\t\t\t\t<div class=\"elementor-widget-container\">\n\t\t\t\t\t<h2 class=\"elementor-heading-title elementor-size-default\">Sevilla por m\u00e1s tiempo<\/h2>\t\t\t\t<\/div>\n\t\t\t\t<\/div>\n\t\t\t\t<div class=\"elementor-element elementor-element-f8886eb elementor-widget elementor-widget-text-editor\" data-id=\"f8886eb\" data-element_type=\"widget\" data-e-type=\"widget\" data-widget_type=\"text-editor.default\">\n\t\t\t\t<div class=\"elementor-widget-container\">\n\t\t\t\t\t\t\t\t\t<p>\u00bfTe has enamorado de Sevilla como yo? O acabaste aqu\u00ed por otro motivo como tus estudios o trabajo? <\/p><p>S\u00e9 mejor que nadie lo dif\u00edcil que es organizar las cosas en otro idioma y otra cultura. Con mucho gusto te pondr\u00e9 en contacto con personas que puedan ayudarte m\u00e1s en neerland\u00e9s. <\/p>\t\t\t\t\t\t\t\t<\/div>\n\t\t\t\t<\/div>\n\t\t\t\t<div class=\"elementor-element elementor-element-b8ccefd elementor-widget elementor-widget-button\" data-id=\"b8ccefd\" data-element_type=\"widget\" data-e-type=\"widget\" data-widget_type=\"button.default\">\n\t\t\t\t<div class=\"elementor-widget-container\">\n\t\t\t\t\t\t\t\t\t<div class=\"elementor-button-wrapper\">\n\t\t\t\t\t<a class=\"elementor-button elementor-button-link elementor-size-sm\" href=\"https:\/\/sevillabymandy.com\/es\/pongase-en-contacto-con\/\">\n\t\t\t\t\t\t<span class=\"elementor-button-content-wrapper\">\n\t\t\t\t\t\t\t\t\t<span class=\"elementor-button-text\">P\u00f3ngase en contacto<\/span>\n\t\t\t\t\t<\/span>\n\t\t\t\t\t<\/a>\n\t\t\t\t<\/div>\n\t\t\t\t\t\t\t\t<\/div>\n\t\t\t\t<\/div>\n\t\t\t\t<\/div>\n\t\t<div class=\"elementor-element elementor-element-a36423c e-con-full e-flex e-con e-child\" data-id=\"a36423c\" data-element_type=\"container\" data-e-type=\"container\">\n\t\t\t\t<div class=\"elementor-element elementor-element-f29f3dd elementor-widget elementor-widget-image\" data-id=\"f29f3dd\" data-element_type=\"widget\" data-e-type=\"widget\" data-widget_type=\"image.default\">\n\t\t\t\t<div class=\"elementor-widget-container\">\n\t\t\t\t\t\t\t\t\t\t\t\t\t\t\t<img decoding=\"async\" width=\"2000\" height=\"1500\" src=\"https:\/\/sevillabymandy.com\/wp-content\/uploads\/2026\/04\/Branding-Mandy_-103.jpg\" class=\"attachment-full size-full wp-image-9336566\" alt=\"Sevilla by Mandy\" srcset=\"https:\/\/sevillabymandy.com\/wp-content\/uploads\/2026\/04\/Branding-Mandy_-103.jpg 2000w, https:\/\/sevillabymandy.com\/wp-content\/uploads\/2026\/04\/Branding-Mandy_-103-300x225.jpg 300w, https:\/\/sevillabymandy.com\/wp-content\/uploads\/2026\/04\/Branding-Mandy_-103-1024x768.jpg 1024w, https:\/\/sevillabymandy.com\/wp-content\/uploads\/2026\/04\/Branding-Mandy_-103-768x576.jpg 768w, https:\/\/sevillabymandy.com\/wp-content\/uploads\/2026\/04\/Branding-Mandy_-103-1536x1152.jpg 1536w, https:\/\/sevillabymandy.com\/wp-content\/uploads\/2026\/04\/Branding-Mandy_-103-600x450.jpg 600w\" sizes=\"(max-width: 2000px) 100vw, 2000px\" \/>\t\t\t\t\t\t\t\t\t\t\t\t\t\t\t<\/div>\n\t\t\t\t<\/div>\n\t\t\t\t<\/div>\n\t\t\t\t\t<\/div>\n\t\t\t\t<\/div>\n\t\t\t\t<\/div>\n\t\t","protected":false},"excerpt":{"rendered":"<p>Anfitri\u00f3n personal de habla holandesa en Sevilla &#8211; Su gu\u00eda local y asistente Organizar un evento en una ciudad extranjera puede ser todo un reto, especialmente si no hablas el idioma o no conoces las costumbres locales. Como Anfitriona Personal de Viajes con experiencia en Sevilla, ofrezco una serie de servicios para que su viaje [&hellip;]<\/p>\n","protected":false},"author":1,"featured_media":0,"parent":0,"menu_order":0,"comment_status":"closed","ping_status":"closed","template":"","meta":{"_acf_changed":false,"footnotes":""},"class_list":["post-9334532","page","type-page","status-publish","hentry"],"acf":[],"_links":{"self":[{"href":"https:\/\/sevillabymandy.com\/es\/wp-json\/wp\/v2\/pages\/9334532","targetHints":{"allow":["GET"]}}],"collection":[{"href":"https:\/\/sevillabymandy.com\/es\/wp-json\/wp\/v2\/pages"}],"about":[{"href":"https:\/\/sevillabymandy.com\/es\/wp-json\/wp\/v2\/types\/page"}],"author":[{"embeddable":true,"href":"https:\/\/sevillabymandy.com\/es\/wp-json\/wp\/v2\/users\/1"}],"replies":[{"embeddable":true,"href":"https:\/\/sevillabymandy.com\/es\/wp-json\/wp\/v2\/comments?post=9334532"}],"version-history":[{"count":2,"href":"https:\/\/sevillabymandy.com\/es\/wp-json\/wp\/v2\/pages\/9334532\/revisions"}],"predecessor-version":[{"id":9336616,"href":"https:\/\/sevillabymandy.com\/es\/wp-json\/wp\/v2\/pages\/9334532\/revisions\/9336616"}],"wp:attachment":[{"href":"https:\/\/sevillabymandy.com\/es\/wp-json\/wp\/v2\/media?parent=9334532"}],"curies":[{"name":"wp","href":"https:\/\/api.w.org\/{rel}","templated":true}]}}