{"id":9334530,"date":"2025-01-14T12:39:32","date_gmt":"2025-01-14T10:39:32","guid":{"rendered":"https:\/\/sevillabymandy.com\/politica-deprivacidad\/"},"modified":"2025-07-11T14:17:48","modified_gmt":"2025-07-11T12:17:48","slug":"politica-deprivacidad","status":"publish","type":"page","link":"https:\/\/sevillabymandy.com\/es\/politica-deprivacidad\/","title":{"rendered":"Pol\u00edtica deprivacidad"},"content":{"rendered":"\t\t<div data-elementor-type=\"wp-page\" data-elementor-id=\"9334530\" class=\"elementor elementor-9334530 elementor-3\" data-elementor-post-type=\"page\">\n\t\t\t\t<div class=\"elementor-element elementor-element-80054d0 e-flex e-con-boxed e-con e-parent\" data-id=\"80054d0\" data-element_type=\"container\" data-e-type=\"container\" data-settings=\"{&quot;background_background&quot;:&quot;classic&quot;}\">\n\t\t\t\t\t<div class=\"e-con-inner\">\n\t\t<div class=\"elementor-element elementor-element-d74ccb7 e-con-full e-flex e-con e-child\" data-id=\"d74ccb7\" data-element_type=\"container\" data-e-type=\"container\" data-settings=\"{&quot;background_background&quot;:&quot;classic&quot;}\">\n\t\t\t\t<div class=\"elementor-element elementor-element-8c0e8db elementor-widget elementor-widget-heading\" data-id=\"8c0e8db\" data-element_type=\"widget\" data-e-type=\"widget\" data-widget_type=\"heading.default\">\n\t\t\t\t<div class=\"elementor-widget-container\">\n\t\t\t\t\t<h1 class=\"elementor-heading-title elementor-size-default\">Pol\u00edtica deprivacidad<\/h1>\t\t\t\t<\/div>\n\t\t\t\t<\/div>\n\t\t\t\t<div class=\"elementor-element elementor-element-496c8e2 elementor-widget elementor-widget-shortcode\" data-id=\"496c8e2\" data-element_type=\"widget\" data-e-type=\"widget\" data-widget_type=\"shortcode.default\">\n\t\t\t\t<div class=\"elementor-widget-container\">\n\t\t\t\t\t\t\t<div class=\"elementor-shortcode\"><nav aria-label=\"breadcrumbs\" class=\"rank-math-breadcrumb\"><p><span class=\"last\">Home<\/span><\/p><\/nav><\/div>\n\t\t\t\t\t\t<\/div>\n\t\t\t\t<\/div>\n\t\t\t\t<\/div>\n\t\t<div class=\"elementor-element elementor-element-11c239a e-con-full elementor-hidden-mobile e-flex e-con e-child\" data-id=\"11c239a\" data-element_type=\"container\" data-e-type=\"container\">\n\t\t\t\t<\/div>\n\t\t\t\t\t<\/div>\n\t\t\t\t<\/div>\n\t\t<div class=\"elementor-element elementor-element-b33dc64 e-flex e-con-boxed e-con e-parent\" data-id=\"b33dc64\" data-element_type=\"container\" data-e-type=\"container\">\n\t\t\t\t\t<div class=\"e-con-inner\">\n\t\t\t\t<div class=\"elementor-element elementor-element-28f7078 elementor-widget elementor-widget-text-editor\" data-id=\"28f7078\" data-element_type=\"widget\" data-e-type=\"widget\" data-widget_type=\"text-editor.default\">\n\t\t\t\t<div class=\"elementor-widget-container\">\n\t\t\t\t\t\t\t\t\t<p><strong>1) Garant\u00edas de privacidad<\/strong><\/p>\n<p>Garantizar la privacidad de los visitantes de https:\/\/sevillabymandy.com es una tarea importante para nosotros. Por lo tanto, en nuestra pol\u00edtica de privacidad describimos qu\u00e9 informaci\u00f3n recopilamos y c\u00f3mo la utilizamos. <\/p>\n<p><strong>2) Consentimiento<\/strong><\/p>\n<p>Al utilizar la informaci\u00f3n y los servicios en https:\/\/sevillabymandy.com, usted acepta nuestra pol\u00edtica de privacidad y los t\u00e9rminos que hemos incluido en ella.<\/p>\n<p><strong>3) Preguntas<\/strong><\/p>\n<p>Si desea recibir m\u00e1s informaci\u00f3n o tiene preguntas sobre la pol\u00edtica de privacidad de Sevilla by Mandy y, en particular, https:\/\/sevillabymandy.com, p\u00f3ngase en contacto con nosotros por correo electr\u00f3nico. Nuestra direcci\u00f3n de correo electr\u00f3nico es info@sevillabymandy.com. <\/p>\n<p><strong>4) Seguimiento del comportamiento de los visitantes<\/strong><\/p>\n<p>https:\/\/sevillabymandy.com utiliza varias t\u00e9cnicas para rastrear qui\u00e9n visita el sitio web, c\u00f3mo se comporta este visitante en el sitio web y qu\u00e9 p\u00e1gina \u201cs se visitan. Esta es una forma com\u00fan de trabajar para los sitios web porque proporciona informaci\u00f3n que contribuye a la calidad de la experiencia del usuario. La informaci\u00f3n que registramos a trav\u00e9s de las cookies incluye direcciones IP, tipo de navegador y p\u00e1gina\u201d s visitadas.  <\/p>\n<p>Tambi\u00e9n realizamos un seguimiento de d\u00f3nde visitan los visitantes el sitio web por primera vez y desde qu\u00e9 p\u00e1gina se marchan. Mantenemos esta informaci\u00f3n de forma an\u00f3nima y no est\u00e1 vinculada a otra informaci\u00f3n personal. <\/p>\n<p><strong>5) Uso de cookies<\/strong><\/p>\n<p>https:\/\/sevillabymandy.com coloca cookies en los visitantes. Hacemos esto para recopilar informaci\u00f3n sobre la p\u00e1gina \u201cs que los usuarios visitan en nuestro sitio web, para realizar un seguimiento de la frecuencia con la que los visitantes regresan y para ver qu\u00e9 p\u00e1gina\u201d s funcionan bien en el sitio web. Tambi\u00e9n realizamos un seguimiento de qu\u00e9 informaci\u00f3n comparte el navegador.  <\/p>\n<p><strong>6) Desactivar las cookies<\/strong><\/p>\n<p>Puede desactivar las cookies. Puede hacerlo utilizando las opciones de su navegador. Puede encontrar m\u00e1s informaci\u00f3n sobre estas posibilidades en el sitio web de su proveedor de navegador.  <\/p>\n<p><strong>7) Cookies de terceros<\/strong><\/p>\n<p>Es posible que terceros, como Google, anuncien en nuestro sitio web o que utilicemos otro servicio. Para ello, estos terceros colocan cookies en algunos casos. Estas cookies no pueden ser influenciadas por https:\/\/sevillabymandy.com.   <\/p>\t\t\t\t\t\t\t\t<\/div>\n\t\t\t\t<\/div>\n\t\t\t\t\t<\/div>\n\t\t\t\t<\/div>\n\t\t\t\t<\/div>\n\t\t","protected":false},"excerpt":{"rendered":"<p>1) Garant\u00edas de privacidad Garantizar la privacidad de los visitantes de https:\/\/sevillabymandy.com es una tarea importante para nosotros. Por lo tanto, en nuestra pol\u00edtica de privacidad describimos qu\u00e9 informaci\u00f3n recopilamos y c\u00f3mo la utilizamos. 2) Consentimiento Al utilizar la informaci\u00f3n y los servicios en https:\/\/sevillabymandy.com, usted acepta nuestra pol\u00edtica de privacidad y los t\u00e9rminos que [&hellip;]<\/p>\n","protected":false},"author":1,"featured_media":0,"parent":0,"menu_order":0,"comment_status":"closed","ping_status":"open","template":"","meta":{"_acf_changed":false,"footnotes":""},"class_list":["post-9334530","page","type-page","status-publish","hentry"],"acf":[],"_links":{"self":[{"href":"https:\/\/sevillabymandy.com\/es\/wp-json\/wp\/v2\/pages\/9334530","targetHints":{"allow":["GET"]}}],"collection":[{"href":"https:\/\/sevillabymandy.com\/es\/wp-json\/wp\/v2\/pages"}],"about":[{"href":"https:\/\/sevillabymandy.com\/es\/wp-json\/wp\/v2\/types\/page"}],"author":[{"embeddable":true,"href":"https:\/\/sevillabymandy.com\/es\/wp-json\/wp\/v2\/users\/1"}],"replies":[{"embeddable":true,"href":"https:\/\/sevillabymandy.com\/es\/wp-json\/wp\/v2\/comments?post=9334530"}],"version-history":[{"count":1,"href":"https:\/\/sevillabymandy.com\/es\/wp-json\/wp\/v2\/pages\/9334530\/revisions"}],"predecessor-version":[{"id":9334531,"href":"https:\/\/sevillabymandy.com\/es\/wp-json\/wp\/v2\/pages\/9334530\/revisions\/9334531"}],"wp:attachment":[{"href":"https:\/\/sevillabymandy.com\/es\/wp-json\/wp\/v2\/media?parent=9334530"}],"curies":[{"name":"wp","href":"https:\/\/api.w.org\/{rel}","templated":true}]}}